{"id":368,"date":"2024-06-03T13:57:17","date_gmt":"2024-06-03T13:57:17","guid":{"rendered":"https:\/\/mittmanns.com\/about-us\/"},"modified":"2024-07-08T13:22:42","modified_gmt":"2024-07-08T13:22:42","slug":"about-us","status":"publish","type":"page","link":"https:\/\/mittmanns.com\/en\/about-us\/","title":{"rendered":"About Us"},"content":{"rendered":"<div class=\"wp-block-uagb-container uagb-block-b0c210fa alignfull uagb-is-root-container\"><div class=\"uagb-container-inner-blocks-wrap\">\n<div class=\"wp-block-uagb-info-box uagb-block-33c38f7e uagb-infobox__content-wrap  uagb-infobox-icon-above-title uagb-infobox-image-valign-top\"><div class=\"uagb-ifb-content\"><div class=\"uagb-ifb-title-wrap\"><h1 class=\"uagb-ifb-title\">About us <\/h1><\/div><p class=\"uagb-ifb-desc\">the history of \u201cMittmann's\"<\/p><\/div><\/div>\n<\/div><\/div>\n\n\n\n<div class=\"wp-block-uagb-container uagb-block-ac44bed4 alignfull uagb-is-root-container\"><div class=\"uagb-container-inner-blocks-wrap\">\n<div class=\"wp-block-uagb-container uagb-block-c91b8643\">\n<div class=\"wp-block-uagb-advanced-heading uagb-block-f79bfb0f\"><h2 class=\"uagb-heading-text\"><mark style=\"background-color:rgba(0, 0, 0, 0)\" class=\"has-inline-color has-ast-global-color-5-color\">Our History<\/mark><\/h2><\/div>\n<\/div>\n\n\n\n<div class=\"wp-block-uagb-container uagb-block-463b62fe\">\n<p><mark style=\"background-color:rgba(0, 0, 0, 0)\" class=\"has-inline-color has-ast-global-color-5-color\">Beer and grain have been flowing in the pub on the corner of Br\u00fcckenstra\u00dfe and today's Rungestra\u00dfe since 1899 and hearty meals have been served here for just as long. The name of the restaurant, however, has changed several times over the years. It all began with the \u201cCaf\u00e9 Metropol\u201d, which even back then served more than just coffee, then the \u201cRestauration Freudenberg\u201d and finally the Berlin corner pub \u201cZur Sonne\u201d. The pub existed under this name until 1981, almost 50 years. After it was handed over to its new owner, the \u201cEintopf-Eck\u201d became widely known. It was not until 10 years later, after the fall of the Berlin Wall and the end of the GDR, that the decision was made to advertise under a new name and the restaurant was renamed \u201cMittmann's\u201d. Mittmann's is a rock in the surf of a constantly changing city and stands out from the advancing modernity. And that is exactly what is important here. Unchanged original coziness, traditional Berlin dishes and hospitality invite you to linger a little longer. In the past, personalities such as Tamara Danz, singer of the East German rock band \u201cSilly\u201d, presenter and singer Helga Hahnemann and politicians such as Wolfgang Thierse, Thilo Sarrazin and Renate K\u00fcnast have also stayed here.<\/mark><\/p>\n<\/div>\n\n\n\n<div class=\"wp-block-uagb-container uagb-block-dba73dc1\">\n<div class=\"wp-block-uagb-info-box uagb-block-31c144de uagb-infobox__content-wrap  uagb-infobox-icon-left uagb-infobox-left uagb-infobox-image-valign-top\"><div class=\"uagb-ifb-icon-wrap\"><svg xmlns=\"https:\/\/www.w3.org\/2000\/svg\" viewbox=\"0 0 512 512\"><path d=\"M432 96H384V64c0-17.67-14.33-32-32-32H64C46.33 32 32 46.33 32 64v352c0 35.35 28.65 64 64 64h224c35.35 0 64-28.65 64-64v-32.08l80.66-35.94C493.5 335.1 512 306.5 512 275V176C512 131.8 476.2 96 432 96zM160 368C160 376.9 152.9 384 144 384S128 376.9 128 368v-224C128 135.1 135.1 128 144 128S160 135.1 160 144V368zM224 368C224 376.9 216.9 384 208 384S192 376.9 192 368v-224C192 135.1 199.1 128 208 128S224 135.1 224 144V368zM288 368c0 8.875-7.125 16-16 16S256 376.9 256 368v-224C256 135.1 263.1 128 272 128S288 135.1 288 144V368zM448 275c0 6.25-3.75 12-9.5 14.62L384 313.9V160h48C440.9 160 448 167.1 448 176V275z\"><\/path><\/svg><\/div><div class=\"uagb-ifb-content\"><div class=\"uagb-ifb-title-wrap\"><h5 class=\"uagb-ifb-title\"><mark style=\"background-color:rgba(0, 0, 0, 0)\" class=\"has-inline-color has-ast-global-color-5-color\">Around Berlin in 80 Beers. <\/mark><\/h5><\/div><p class=\"uagb-ifb-desc\"><mark style=\"background-color:rgba(0, 0, 0, 0)\" class=\"has-inline-color has-ast-global-color-5-color\">Peter Sutcliffe mentions Mittmann's restaurant in his book \u201cAround Berlin in 80 Beers\u201d and thus distinguishes us as one of the best 80 pubs in Berlin where you can enjoy a good beer or two in a cozy atmosphere.<\/mark><\/p><div class=\"uagb-ifb-separator\"><\/div><\/div><\/div>\n<\/div>\n\n\n\n<div class=\"wp-block-uagb-container uagb-block-a9a45a05\">\n<div class=\"wp-block-uagb-image alignleft uagb-block-06cd4c1b wp-block-uagb-image--layout-default wp-block-uagb-image--effect-static wp-block-uagb-image--align-left uag-blocks-common-selector\" style=\"--z-index-desktop:3;;--z-index-tablet:3;;--z-index-mobile:3;\"><figure class=\"wp-block-uagb-image__figure\"><img loading=\"lazy\" decoding=\"async\" srcset=\"https:\/\/mittmanns.com\/wp-content\/uploads\/2024\/07\/Bildschirmfoto-2024-07-06-um-22.57.43-699x1024.png ,https:\/\/mittmanns.com\/wp-content\/uploads\/2024\/07\/Bildschirmfoto-2024-07-06-um-22.57.43.png 780w, https:\/\/mittmanns.com\/wp-content\/uploads\/2024\/07\/Bildschirmfoto-2024-07-06-um-22.57.43.png 360w\" sizes=\"auto, (max-width: 480px) 150px\" src=\"https:\/\/mittmanns.com\/wp-content\/uploads\/2024\/07\/Bildschirmfoto-2024-07-06-um-22.57.43-699x1024.png\" alt=\"\" class=\"uag-image-1669\" width=\"699\" height=\"1024\" title=\"Bildschirmfoto 2024-07-06 um 22.57.43\" role=\"img\"\/><\/figure><\/div>\n<\/div>\n<\/div><\/div>\n\n\n\n<div class=\"wp-block-uagb-container uagb-block-700b3470 alignfull uagb-is-root-container\"><div class=\"uagb-container-inner-blocks-wrap\"><\/div><\/div>","protected":false},"excerpt":{"rendered":"<p>Unsere geschichte Seit 1899 flie\u00dfen im Lokal an der Ecke der Br\u00fcckenstra\u00dfe und der heutigen Rungestra\u00dfe Bier und Korn und genauso lange gibt es hier schon Deftiges auf den Teller. Der Name der Gastst\u00e4tte dagegen wechselte in der Zeit einige Male. Alles begann mit dem \u201eCaf\u00e9 Metropol\u201c, in dem es schon damals nicht nur Kaffee [&hellip;]<\/p>","protected":false},"author":1,"featured_media":0,"parent":0,"menu_order":0,"comment_status":"closed","ping_status":"closed","template":"","meta":{"om_disable_all_campaigns":false,"_uag_custom_page_level_css":"","_monsterinsights_skip_tracking":false,"_monsterinsights_sitenote_active":false,"_monsterinsights_sitenote_note":"","_monsterinsights_sitenote_category":0,"site-sidebar-layout":"no-sidebar","site-content-layout":"plain-container","ast-site-content-layout":"normal-width-container","site-content-style":"unboxed","site-sidebar-style":"unboxed","ast-global-header-display":"","ast-banner-title-visibility":"","ast-main-header-display":"","ast-hfb-above-header-display":"","ast-hfb-below-header-display":"","ast-hfb-mobile-header-display":"","site-post-title":"disabled","ast-breadcrumbs-content":"","ast-featured-img":"disabled","footer-sml-layout":"","theme-transparent-header-meta":"enabled","adv-header-id-meta":"","stick-header-meta":"","header-above-stick-meta":"","header-main-stick-meta":"","header-below-stick-meta":"","astra-migrate-meta-layouts":"set","ast-page-background-enabled":"default","ast-page-background-meta":{"desktop":{"background-color":"","background-image":"","background-repeat":"repeat","background-position":"center center","background-size":"auto","background-attachment":"scroll","background-type":"","background-media":"","overlay-type":"","overlay-color":"","overlay-opacity":"","overlay-gradient":""},"tablet":{"background-color":"","background-image":"","background-repeat":"repeat","background-position":"center center","background-size":"auto","background-attachment":"scroll","background-type":"","background-media":"","overlay-type":"","overlay-color":"","overlay-opacity":"","overlay-gradient":""},"mobile":{"background-color":"","background-image":"","background-repeat":"repeat","background-position":"center center","background-size":"auto","background-attachment":"scroll","background-type":"","background-media":"","overlay-type":"","overlay-color":"","overlay-opacity":"","overlay-gradient":""}},"ast-content-background-meta":{"desktop":{"background-color":"var(--ast-global-color-5)","background-image":"","background-repeat":"repeat","background-position":"center center","background-size":"auto","background-attachment":"scroll","background-type":"","background-media":"","overlay-type":"","overlay-color":"","overlay-opacity":"","overlay-gradient":""},"tablet":{"background-color":"var(--ast-global-color-5)","background-image":"","background-repeat":"repeat","background-position":"center center","background-size":"auto","background-attachment":"scroll","background-type":"","background-media":"","overlay-type":"","overlay-color":"","overlay-opacity":"","overlay-gradient":""},"mobile":{"background-color":"var(--ast-global-color-5)","background-image":"","background-repeat":"repeat","background-position":"center center","background-size":"auto","background-attachment":"scroll","background-type":"","background-media":"","overlay-type":"","overlay-color":"","overlay-opacity":"","overlay-gradient":""}},"footnotes":""},"class_list":["post-368","page","type-page","status-publish","hentry"],"aioseo_notices":[],"uagb_featured_image_src":{"full":false,"thumbnail":false,"medium":false,"medium_large":false,"large":false,"1536x1536":false,"2048x2048":false,"trp-custom-language-flag":false},"uagb_author_info":{"display_name":"mittmanns.com","author_link":"https:\/\/mittmanns.com\/en\/author\/mittmanns-com\/"},"uagb_comment_info":0,"uagb_excerpt":"Unsere geschichte Seit 1899 flie\u00dfen im Lokal an der Ecke der Br\u00fcckenstra\u00dfe und der heutigen Rungestra\u00dfe Bier und Korn und genauso lange gibt es hier schon Deftiges auf den Teller. Der Name der Gastst\u00e4tte dagegen wechselte in der Zeit einige Male. Alles begann mit dem \u201eCaf\u00e9 Metropol\u201c, in dem es schon damals nicht nur Kaffee&hellip;","jetpack_sharing_enabled":true,"_links":{"self":[{"href":"https:\/\/mittmanns.com\/en\/wp-json\/wp\/v2\/pages\/368","targetHints":{"allow":["GET"]}}],"collection":[{"href":"https:\/\/mittmanns.com\/en\/wp-json\/wp\/v2\/pages"}],"about":[{"href":"https:\/\/mittmanns.com\/en\/wp-json\/wp\/v2\/types\/page"}],"author":[{"embeddable":true,"href":"https:\/\/mittmanns.com\/en\/wp-json\/wp\/v2\/users\/1"}],"replies":[{"embeddable":true,"href":"https:\/\/mittmanns.com\/en\/wp-json\/wp\/v2\/comments?post=368"}],"version-history":[{"count":3,"href":"https:\/\/mittmanns.com\/en\/wp-json\/wp\/v2\/pages\/368\/revisions"}],"predecessor-version":[{"id":1688,"href":"https:\/\/mittmanns.com\/en\/wp-json\/wp\/v2\/pages\/368\/revisions\/1688"}],"wp:attachment":[{"href":"https:\/\/mittmanns.com\/en\/wp-json\/wp\/v2\/media?parent=368"}],"curies":[{"name":"wp","href":"https:\/\/api.w.org\/{rel}","templated":true}]}}